{"id":2282,"date":"2023-05-12T18:17:26","date_gmt":"2023-05-12T10:17:26","guid":{"rendered":"https:\/\/www.hanvosafety.com\/product\/njc4377dq\/"},"modified":"2024-01-25T17:20:04","modified_gmt":"2024-01-25T09:20:04","slug":"njc4377dq","status":"publish","type":"product","link":"https:\/\/www.hanvosafety.com\/es\/product\/njc4377dq\/","title":{"rendered":"NJC4377DQ"},"excerpt":{"rendered":"<p>Forro mixto 21G con tecnolog\u00eda MetalQ: ultra ligero y con excelente nivel de protecci\u00f3n anticorte, alcanzando hasta el nivel E en la prueba TDM seg\u00fan la norma EN 388.<\/p>","protected":false},"featured_media":0,"parent":0,"template":"","product-category":[23,39,19,52,38,41,46,62],"class_list":["post-2282","product","type-product","status-publish","hentry","product-category-ansi-cut-a5-gloves","product-category-automotive-industry","product-category-cut-protection","product-category-high-cut-resistant-protection","product-category-industry","product-category-maintainance-and-tools-industry","product-category-metal-fabrication","product-category-nitrile"],"acf":[],"_links":{"self":[{"href":"https:\/\/www.hanvosafety.com\/es\/wp-json\/wp\/v2\/product\/2282","targetHints":{"allow":["GET"]}}],"collection":[{"href":"https:\/\/www.hanvosafety.com\/es\/wp-json\/wp\/v2\/product"}],"about":[{"href":"https:\/\/www.hanvosafety.com\/es\/wp-json\/wp\/v2\/types\/product"}],"wp:attachment":[{"href":"https:\/\/www.hanvosafety.com\/es\/wp-json\/wp\/v2\/media?parent=2282"}],"wp:term":[{"taxonomy":"product-category","embeddable":true,"href":"https:\/\/www.hanvosafety.com\/es\/wp-json\/wp\/v2\/product-category?post=2282"}],"curies":[{"name":"wp","href":"https:\/\/api.w.org\/{rel}","templated":true}]}}