{"id":3901,"date":"2024-10-20T14:38:19","date_gmt":"2024-10-20T06:38:19","guid":{"rendered":"https:\/\/www.hanvosafety.com\/?page_id=3901"},"modified":"2025-05-18T18:44:36","modified_gmt":"2025-05-18T10:44:36","slug":"thermal-protection","status":"publish","type":"page","link":"https:\/\/www.hanvosafety.com\/pt\/thermal-protection\/","title":{"rendered":"Prote\u00e7\u00e3o T\u00e9rmica"},"content":{"rendered":"","protected":false},"excerpt":{"rendered":"","protected":false},"author":1,"featured_media":0,"parent":0,"menu_order":0,"comment_status":"closed","ping_status":"closed","template":"","meta":{"_acf_changed":false,"_seopress_robots_primary_cat":"","_seopress_titles_title":"Thermal Protection Gloves: Safeguarding Hands in Extreme","_seopress_titles_desc":"After a decade of intensive R&D, we proudly offer world-class safety solutions, including cut-resistant, breathable, water and oil-resistant, heat and chemical-resistant gloves.","_seopress_robots_index":"","footnotes":""},"class_list":["post-3901","page","type-page","status-publish","hentry"],"acf":[],"_links":{"self":[{"href":"https:\/\/www.hanvosafety.com\/pt\/wp-json\/wp\/v2\/pages\/3901","targetHints":{"allow":["GET"]}}],"collection":[{"href":"https:\/\/www.hanvosafety.com\/pt\/wp-json\/wp\/v2\/pages"}],"about":[{"href":"https:\/\/www.hanvosafety.com\/pt\/wp-json\/wp\/v2\/types\/page"}],"author":[{"embeddable":true,"href":"https:\/\/www.hanvosafety.com\/pt\/wp-json\/wp\/v2\/users\/1"}],"replies":[{"embeddable":true,"href":"https:\/\/www.hanvosafety.com\/pt\/wp-json\/wp\/v2\/comments?post=3901"}],"version-history":[{"count":3,"href":"https:\/\/www.hanvosafety.com\/pt\/wp-json\/wp\/v2\/pages\/3901\/revisions"}],"predecessor-version":[{"id":5062,"href":"https:\/\/www.hanvosafety.com\/pt\/wp-json\/wp\/v2\/pages\/3901\/revisions\/5062"}],"wp:attachment":[{"href":"https:\/\/www.hanvosafety.com\/pt\/wp-json\/wp\/v2\/media?parent=3901"}],"curies":[{"name":"wp","href":"https:\/\/api.w.org\/{rel}","templated":true}]}}