{"id":2297,"date":"2023-06-14T14:21:53","date_gmt":"2023-06-14T06:21:53","guid":{"rendered":"https:\/\/www.hanvosafety.com\/product\/sl1011\/"},"modified":"2024-01-25T15:21:10","modified_gmt":"2024-01-25T07:21:10","slug":"sl1011","status":"publish","type":"product","link":"https:\/\/www.hanvosafety.com\/pt\/product\/sl1011\/","title":{"rendered":"SL1011"},"excerpt":{"rendered":"<p>Luvas para trabalho mec\u00e2nico com absor\u00e7\u00e3o de vibra\u00e7\u00e3o<\/p>","protected":false},"featured_media":0,"parent":0,"template":"","product-category":[43,42,41,58,34,35,49,64],"class_list":["post-2297","product","type-product","status-publish","hentry","product-category-construction-industry","product-category-logistics-and-warehousing-industry","product-category-maintainance-and-tools-industry","product-category-mechanical-glove-and-anti-impact-protection","product-category-mechanical-protection","product-category-mechanical-protection-light-duty","product-category-other-industry","product-category-others"],"acf":[],"_links":{"self":[{"href":"https:\/\/www.hanvosafety.com\/pt\/wp-json\/wp\/v2\/product\/2297","targetHints":{"allow":["GET"]}}],"collection":[{"href":"https:\/\/www.hanvosafety.com\/pt\/wp-json\/wp\/v2\/product"}],"about":[{"href":"https:\/\/www.hanvosafety.com\/pt\/wp-json\/wp\/v2\/types\/product"}],"wp:attachment":[{"href":"https:\/\/www.hanvosafety.com\/pt\/wp-json\/wp\/v2\/media?parent=2297"}],"wp:term":[{"taxonomy":"product-category","embeddable":true,"href":"https:\/\/www.hanvosafety.com\/pt\/wp-json\/wp\/v2\/product-category?post=2297"}],"curies":[{"name":"wp","href":"https:\/\/api.w.org\/{rel}","templated":true}]}}