{"id":2299,"date":"2023-06-09T16:16:44","date_gmt":"2023-06-09T08:16:44","guid":{"rendered":"https:\/\/www.hanvosafety.com\/product\/azz1021-azz1022\/"},"modified":"2024-01-25T14:40:28","modified_gmt":"2024-01-25T06:40:28","slug":"azz1021-azz1022","status":"publish","type":"product","link":"https:\/\/www.hanvosafety.com\/pt\/product\/azz1021-azz1022\/","title":{"rendered":"AZZ1021 \/ AZZ1022"},"excerpt":{"rendered":"<p>Avental de trabalho com fibra discontinua METALMIX e prote\u00e7\u00e3o anticorte n\u00edvel F<\/p>","protected":false},"featured_media":0,"parent":0,"template":"","product-category":[24,43,19,52,41,46,49,64],"class_list":["post-2299","product","type-product","status-publish","hentry","product-category-ansi-cut-a6-gloves","product-category-construction-industry","product-category-cut-protection","product-category-high-cut-resistant-protection","product-category-maintainance-and-tools-industry","product-category-metal-fabrication","product-category-other-industry","product-category-others"],"acf":[],"_links":{"self":[{"href":"https:\/\/www.hanvosafety.com\/pt\/wp-json\/wp\/v2\/product\/2299","targetHints":{"allow":["GET"]}}],"collection":[{"href":"https:\/\/www.hanvosafety.com\/pt\/wp-json\/wp\/v2\/product"}],"about":[{"href":"https:\/\/www.hanvosafety.com\/pt\/wp-json\/wp\/v2\/types\/product"}],"wp:attachment":[{"href":"https:\/\/www.hanvosafety.com\/pt\/wp-json\/wp\/v2\/media?parent=2299"}],"wp:term":[{"taxonomy":"product-category","embeddable":true,"href":"https:\/\/www.hanvosafety.com\/pt\/wp-json\/wp\/v2\/product-category?post=2299"}],"curies":[{"name":"wp","href":"https:\/\/api.w.org\/{rel}","templated":true}]}}