{"id":2313,"date":"2023-06-14T14:44:26","date_gmt":"2023-06-14T06:44:26","guid":{"rendered":"https:\/\/www.hanvosafety.com\/product\/njj8256dq\/"},"modified":"2024-01-24T17:30:12","modified_gmt":"2024-01-24T09:30:12","slug":"njj8256dq","status":"publish","type":"product","link":"https:\/\/www.hanvosafety.com\/pt\/product\/njj8256dq\/","title":{"rendered":"NJJ8256DQ"},"excerpt":{"rendered":"<p>Luva 18G com forro de MetalQ, nylon e spandex, revestimento de nitrilo microespumado preto na palma, compat\u00edvel com telas sens\u00edveis ao toque e refor\u00e7o de nitrilo na virilha do polegar.<\/p>","protected":false},"featured_media":0,"parent":0,"template":"","product-category":[22,39,19,52,42,41,46,62,44,49],"class_list":["post-2313","product","type-product","status-publish","hentry","product-category-ansi-cut-a4-gloves","product-category-automotive-industry","product-category-cut-protection","product-category-high-cut-resistant-protection","product-category-logistics-and-warehousing-industry","product-category-maintainance-and-tools-industry","product-category-metal-fabrication","product-category-nitrile","product-category-oil-and-gas-industry","product-category-other-industry"],"acf":[],"_links":{"self":[{"href":"https:\/\/www.hanvosafety.com\/pt\/wp-json\/wp\/v2\/product\/2313","targetHints":{"allow":["GET"]}}],"collection":[{"href":"https:\/\/www.hanvosafety.com\/pt\/wp-json\/wp\/v2\/product"}],"about":[{"href":"https:\/\/www.hanvosafety.com\/pt\/wp-json\/wp\/v2\/types\/product"}],"wp:attachment":[{"href":"https:\/\/www.hanvosafety.com\/pt\/wp-json\/wp\/v2\/media?parent=2313"}],"wp:term":[{"taxonomy":"product-category","embeddable":true,"href":"https:\/\/www.hanvosafety.com\/pt\/wp-json\/wp\/v2\/product-category?post=2313"}],"curies":[{"name":"wp","href":"https:\/\/api.w.org\/{rel}","templated":true}]}}